{"id":326,"date":"2017-01-05T13:25:59","date_gmt":"2017-01-05T19:25:59","guid":{"rendered":"https:\/\/www.bebetcpasettlement.com\/?page_id=5"},"modified":"2022-06-14T07:39:38","modified_gmt":"2022-06-14T13:39:38","slug":"home-2","status":"publish","type":"page","link":"https:\/\/www.litigiosurvalle.com\/","title":{"rendered":"Menu Principal"},"content":{"rendered":"<p style=\"text-align: center;\"><strong>TRIBUNAL DE DISTRITO DE LOS ESTADOS UNIDOS, DISTRITO CENTRAL DE GEORGIA,<\/strong><br \/>\n<strong>DIVISION DE VALDOSTA <\/strong><br \/>\n<strong>Causa N. 7:19-CV-55 (55)<\/strong><\/p>\n<p style=\"text-align: left;\">Esta Notificaci\u00f3n proporciona informaci\u00f3n importante acerca de un Acuerdo Financiero propuesto de la Demanda colectiva entablada por los Sres. Jes\u00fas Bejines-Gonz\u00e1lez y Abrahaam Sayago-Hern\u00e1ndez (los \u201cDemandantes\u201d) contra Southern Valley Fruit &amp; Vegetable, Inc.; Hamilton Growers, Inc.; Kent Hamilton; Hamilton Farms Mex, L.P.; Hamilton Produce, L.P.; Kenda Properties, L.P.; WK Holdings, LLC; WK Mex Properties, L.P. y WKW, LLC (los \u201cHamilton Growers\u201d), con el ep\u00edgrafe de <em>Bejines-Gonzalez, et al versus Southern Valley Fruit &amp; Vegetable, Inc<\/em>. (la \u201cDemanda\u201d). Esta Notificaci\u00f3n le explica a usted los derechos de que dispone para participar o excluirse del Acuerdo Financiero.<\/p>\n","protected":false},"excerpt":{"rendered":"<p>TRIBUNAL DE DISTRITO DE LOS ESTADOS UNIDOS, DISTRITO CENTRAL DE GEORGIA, DIVISION DE VALDOSTA Causa N. 7:19-CV-55 (55) Esta Notificaci\u00f3n proporciona informaci\u00f3n importante acerca de un Acuerdo Financiero propuesto de la Demanda colectiva entablada por los Sres. Jes\u00fas Bejines-Gonz\u00e1lez y Abrahaam Sayago-Hern\u00e1ndez (los \u201cDemandantes\u201d) contra Southern Valley Fruit &amp; Vegetable, Inc.; Hamilton Growers, Inc.; Kent &hellip; <a href=\"https:\/\/www.litigiosurvalle.com\/\" class=\"more-link\">Continue reading <span class=\"screen-reader-text\">Menu Principal<\/span><\/a><\/p>\n","protected":false},"author":1,"featured_media":0,"parent":0,"menu_order":0,"comment_status":"closed","ping_status":"closed","template":"home-page.php","meta":{"_acf_changed":false,"footnotes":""},"class_list":["post-326","page","type-page","status-publish","hentry"],"acf":[],"_links":{"self":[{"href":"https:\/\/www.litigiosurvalle.com\/index.php?rest_route=\/wp\/v2\/pages\/326","targetHints":{"allow":["GET"]}}],"collection":[{"href":"https:\/\/www.litigiosurvalle.com\/index.php?rest_route=\/wp\/v2\/pages"}],"about":[{"href":"https:\/\/www.litigiosurvalle.com\/index.php?rest_route=\/wp\/v2\/types\/page"}],"author":[{"embeddable":true,"href":"https:\/\/www.litigiosurvalle.com\/index.php?rest_route=\/wp\/v2\/users\/1"}],"replies":[{"embeddable":true,"href":"https:\/\/www.litigiosurvalle.com\/index.php?rest_route=%2Fwp%2Fv2%2Fcomments&post=326"}],"version-history":[{"count":17,"href":"https:\/\/www.litigiosurvalle.com\/index.php?rest_route=\/wp\/v2\/pages\/326\/revisions"}],"predecessor-version":[{"id":1015,"href":"https:\/\/www.litigiosurvalle.com\/index.php?rest_route=\/wp\/v2\/pages\/326\/revisions\/1015"}],"wp:attachment":[{"href":"https:\/\/www.litigiosurvalle.com\/index.php?rest_route=%2Fwp%2Fv2%2Fmedia&parent=326"}],"curies":[{"name":"wp","href":"https:\/\/api.w.org\/{rel}","templated":true}]}}