{"id":47,"date":"2017-01-06T08:43:40","date_gmt":"2017-01-06T14:43:40","guid":{"rendered":"https:\/\/www.bebetcpasettlement.com\/important-dates\/"},"modified":"2022-06-14T07:38:31","modified_gmt":"2022-06-14T13:38:31","slug":"important-dates","status":"publish","type":"page","link":"https:\/\/www.litigiosurvalle.com\/?page_id=47","title":{"rendered":"Fechas Importantes"},"content":{"rendered":"<p>\u00a0<\/p>\n<p style=\"text-align: center;\"><strong>SUMARIO DE FECHAS IMPORTANTES<\/strong><\/p>\n<p>\u00a0<\/p>\n<table class=\"table-dates\" style=\"height: 284px;\" width=\"576\">\n<tbody>\n<tr>\n<th class=\"col-md-3 col-sm-3 col-xs-4\">12 de julio de 2021<\/th>\n<td class=\"col-md-9 col-sm-9 col-xs-8 clearfix\">Aprobaci\u00f3n Preliminar Registrada<\/td>\n<\/tr>\n<tr>\n<th class=\"col-md-3 col-sm-3 col-xs-4\">14 de octubre de 2021<\/th>\n<td class=\"col-md-9 col-sm-9 col-xs-8 clearfix\">Fecha L\u00edmite para Petici\u00f3n de Exclusi\u00f3n<\/td>\n<\/tr>\n<tr>\n<th class=\"col-md-3 col-sm-3 col-xs-4\">14 de octubre de 2021<\/th>\n<td class=\"col-md-9 col-sm-9 col-xs-8 clearfix\">Fecha L\u00edmite para enviar una Objeci\u00f3n<\/td>\n<\/tr>\n<tr>\n<th class=\"col-md-3 col-sm-3 col-xs-4\">3 de noviembre de 2021<\/th>\n<td class=\"col-md-9 col-sm-9 col-xs-8 clearfix\">Audiencia de Aprobaci\u00f3n Final<\/td>\n<\/tr>\n<tr>\n<th class=\"col-md-3 col-sm-3 col-xs-4\">22 de noviembre de 2021<\/th>\n<td class=\"col-md-9 col-sm-9 col-xs-8 clearfix\">Aprobaci\u00f3n Final Registrada<\/td>\n<\/tr>\n<\/tbody>\n<\/table>\n\n\n<p><\/p>\n","protected":false},"excerpt":{"rendered":"<p>\u00a0 SUMARIO DE FECHAS IMPORTANTES \u00a0 12 de julio de 2021 Aprobaci\u00f3n Preliminar Registrada 14 de octubre de 2021 Fecha L\u00edmite para Petici\u00f3n de Exclusi\u00f3n 14 de octubre de 2021 Fecha L\u00edmite para enviar una Objeci\u00f3n 3 de noviembre de 2021 Audiencia de Aprobaci\u00f3n Final 22 de noviembre de 2021 Aprobaci\u00f3n Final Registrada<\/p>\n","protected":false},"author":1,"featured_media":0,"parent":0,"menu_order":0,"comment_status":"closed","ping_status":"closed","template":"important-dates.php","meta":{"_acf_changed":false,"footnotes":""},"class_list":["post-47","page","type-page","status-publish","hentry"],"acf":[],"_links":{"self":[{"href":"https:\/\/www.litigiosurvalle.com\/index.php?rest_route=\/wp\/v2\/pages\/47","targetHints":{"allow":["GET"]}}],"collection":[{"href":"https:\/\/www.litigiosurvalle.com\/index.php?rest_route=\/wp\/v2\/pages"}],"about":[{"href":"https:\/\/www.litigiosurvalle.com\/index.php?rest_route=\/wp\/v2\/types\/page"}],"author":[{"embeddable":true,"href":"https:\/\/www.litigiosurvalle.com\/index.php?rest_route=\/wp\/v2\/users\/1"}],"replies":[{"embeddable":true,"href":"https:\/\/www.litigiosurvalle.com\/index.php?rest_route=%2Fwp%2Fv2%2Fcomments&post=47"}],"version-history":[{"count":15,"href":"https:\/\/www.litigiosurvalle.com\/index.php?rest_route=\/wp\/v2\/pages\/47\/revisions"}],"predecessor-version":[{"id":1013,"href":"https:\/\/www.litigiosurvalle.com\/index.php?rest_route=\/wp\/v2\/pages\/47\/revisions\/1013"}],"wp:attachment":[{"href":"https:\/\/www.litigiosurvalle.com\/index.php?rest_route=%2Fwp%2Fv2%2Fmedia&parent=47"}],"curies":[{"name":"wp","href":"https:\/\/api.w.org\/{rel}","templated":true}]}}