{"id":959,"date":"2021-08-25T14:32:36","date_gmt":"2021-08-25T20:32:36","guid":{"rendered":"https:\/\/www.litigiosurvalle.com\/?page_id=959"},"modified":"2021-08-25T14:34:03","modified_gmt":"2021-08-25T20:34:03","slug":"como-recibir-el-pago","status":"publish","type":"page","link":"https:\/\/www.litigiosurvalle.com\/?page_id=959","title":{"rendered":"Como Recibir El Pago"},"content":{"rendered":"\n<p class=\"has-text-align-center\"><strong>COMO RECIBIR EL PAGO<\/strong><\/p>\n\n\n\n<p>Como un miembro de la clase colectiva, no necesita tomar ninguna acci\u00f3n para ser elegible para recibir su pago. Para ver su pago estimado del Acuerdo Financiero, puede ver la noticia titulada \u201cel pago calculado de usted de acuerdo financiero\u201d que ha sido incluido en le paquete de noticia enviado por correo a su direcci\u00f3n, o puede pedir copia desde el Administrador del Acuerdo Financiero por correo electr\u00f3nico (<a href=\"mailto:litigioRDM@atticusadmin.com\">LSV@atticusadmin.com<\/a>) o por WhatsApp (1-612-205-1767).<\/p>\n\n\n\n<p>Si no esta de acuerdo con las fechas indicadas para su empleo y\/o por el numero total de semanas que trabaje para los Demandados durante los periodos de contrato en los anos 2015, 2016, 2017 y 2018, tiene que presentar al Administrador a no tardar mas que el 11 de octubre del 2021 una exposici\u00f3n por escrito de lo que usted crea son las fechas y semanas correctas.&nbsp;&nbsp;<\/p>\n\n\n\n<p><strong><u>Settlement Administrator<\/u><\/strong><strong><u><\/u><\/strong><\/p>\n\n\n\n<p><em>Por Correo Postal:<\/em><em><\/em><\/p>\n\n\n\n<p>Litigio Sur Valle<br>c\/o Atticus Administration<br>PO Box 64053<br>Saint Paul MN 55164<br>EE.UU.<\/p>\n\n\n\n<p><em>O Por Correo Electronico:<\/em><\/p>\n\n\n\n<p>Email: <a href=\"mailto:LSV@atticusadmin.com\">LSV@atticusadmin.com<\/a> <\/p>\n\n\n\n<p>Cambio de Direcci\u00f3n Postal<\/p>\n\n\n\n<p>Si requiere cambiar su direcci\u00f3n de correo postal, favor de enviar al Administrador de Acuerdo Financiero un mensaje de correo electr\u00f3nico al&nbsp;<a href=\"mailto:litigioRDM@atticusadmin.com\">LSV@atticusadmin.com<\/a>&nbsp;o mandar un mensaje de WhatsApp al 1-612-205-1767 con tu nombre completa y su direcci\u00f3n actual.&nbsp; Su pago ser\u00e1 enviado a su direcci\u00f3n postal si no elija recibir un pago electr\u00f3nica.<\/p>\n\n\n\n<p>Detalles de Paga Electr\u00f3nica<\/p>\n\n\n\n<p>Si prefiere recibir su pago electr\u00f3nicamente por un giro, puede ped\u00edrselo enviado un mensaje indicando su preferencia de pago al Administrador de Acuerdo Financiero por correo electr\u00f3nica al&nbsp;<a href=\"mailto:litigioRDM@atticusadmin.com\">LSV@atticusadmin.com<\/a>&nbsp;o por WhatsApp mandando un mensaje al 1-612-205-1767. Las opciones para pagos son las siguientes y la informaci\u00f3n necesaria esta indicado a bajo.<\/p>\n\n\n\n<ol class=\"wp-block-list\" type=\"1\"><li>Paypal (proporciona la direcci\u00f3n de correo electr\u00f3nica asociada con su cuenta de PayPal)<\/li><li>Tarjeta Electr\u00f3nica Prepagada de Mastercard (favor de proporcionar la direcci\u00f3n de correo electr\u00f3nica que quiere usar con su tarjeta prepagada). En su mensaje manda la ultima cuatro d\u00edgitos de su Numero de Seguro Social de los EE.UU. para verificar su identidad.<\/li><li>Giro electr\u00f3nico a su cuenta bancaria internacional.&nbsp; Para esta opci\u00f3n tiene que proporcionar el nombre del banco, el numero de CLABE (que son 18 d\u00edgitos), y su direcci\u00f3n para correo postal. (Anota que hay un cobro de $4.50 por este tipo de transferencia.)<\/li><li>Pago directo a una cuenta bancaria en los EE.UU. Para esta opci\u00f3n, tiene que proporcionar el nombre del banco, la ciudad del banco, el numero de routing y el numero de la cuenta.<\/li><\/ol>\n","protected":false},"excerpt":{"rendered":"<p>COMO RECIBIR EL PAGO Como un miembro de la clase colectiva, no necesita tomar ninguna acci\u00f3n para ser elegible para recibir su pago. Para ver su pago estimado del Acuerdo Financiero, puede ver la noticia titulada \u201cel pago calculado de usted de acuerdo financiero\u201d que ha sido incluido en le paquete de noticia enviado por &hellip; <a href=\"https:\/\/www.litigiosurvalle.com\/?page_id=959\" class=\"more-link\">Continue reading <span class=\"screen-reader-text\">Como Recibir El Pago<\/span><\/a><\/p>\n","protected":false},"author":1,"featured_media":0,"parent":0,"menu_order":0,"comment_status":"closed","ping_status":"closed","template":"","meta":{"_acf_changed":false,"footnotes":""},"class_list":["post-959","page","type-page","status-publish","hentry"],"acf":[],"_links":{"self":[{"href":"https:\/\/www.litigiosurvalle.com\/index.php?rest_route=\/wp\/v2\/pages\/959","targetHints":{"allow":["GET"]}}],"collection":[{"href":"https:\/\/www.litigiosurvalle.com\/index.php?rest_route=\/wp\/v2\/pages"}],"about":[{"href":"https:\/\/www.litigiosurvalle.com\/index.php?rest_route=\/wp\/v2\/types\/page"}],"author":[{"embeddable":true,"href":"https:\/\/www.litigiosurvalle.com\/index.php?rest_route=\/wp\/v2\/users\/1"}],"replies":[{"embeddable":true,"href":"https:\/\/www.litigiosurvalle.com\/index.php?rest_route=%2Fwp%2Fv2%2Fcomments&post=959"}],"version-history":[{"count":3,"href":"https:\/\/www.litigiosurvalle.com\/index.php?rest_route=\/wp\/v2\/pages\/959\/revisions"}],"predecessor-version":[{"id":963,"href":"https:\/\/www.litigiosurvalle.com\/index.php?rest_route=\/wp\/v2\/pages\/959\/revisions\/963"}],"wp:attachment":[{"href":"https:\/\/www.litigiosurvalle.com\/index.php?rest_route=%2Fwp%2Fv2%2Fmedia&parent=959"}],"curies":[{"name":"wp","href":"https:\/\/api.w.org\/{rel}","templated":true}]}}